{"id":1273,"date":"2023-02-17T13:28:18","date_gmt":"2023-02-17T12:28:18","guid":{"rendered":"https:\/\/www.rpdesign.cz\/bmo-cnc-automatisierung\/titanium\/"},"modified":"2024-03-04T10:00:04","modified_gmt":"2024-03-04T09:00:04","slug":"titanium","status":"publish","type":"page","link":"https:\/\/www.rpdesign.cz\/de\/bmo-cnc-automatisierung\/titanium\/","title":{"rendered":"TITANIUM"},"content":{"rendered":"<h2>Titanium 50\/180<\/h2>\n<p>Es bietet eine sehr gro\u00dfe Kapazit\u00e4t auf kleiner Fl\u00e4che und eignet sich hervorragend f\u00fcr die flexible Automatisierung gr\u00f6\u00dferer und kleinerer Serien. Das Konzept ist modular aufgebaut und bietet die M\u00f6glichkeit, Paletten und\/oder Produkte zu laden. Die Automatisierungsl\u00f6sung verf\u00fcgt \u00fcber zwei Palettenladestationen zum manuellen Palettenwechsel oder zur Materialbereitstellung.<\/p>\n","protected":false},"excerpt":{"rendered":"<p>Titanium 50\/180 Es bietet eine sehr gro\u00dfe Kapazit\u00e4t auf kleiner Fl\u00e4che und eignet sich hervorragend f\u00fcr die flexible Automatisierung gr\u00f6\u00dferer und kleinerer Serien. Das Konzept ist modular aufgebaut und bietet die M\u00f6glichkeit, Paletten und\/oder Produkte zu laden. Die Automatisierungsl\u00f6sung verf\u00fcgt \u00fcber zwei Palettenladestationen zum manuellen Palettenwechsel oder zur Materialbereitstellung.<\/p>\n","protected":false},"author":1,"featured_media":1033,"parent":1262,"menu_order":20,"comment_status":"closed","ping_status":"closed","template":"template-bmo-detail.php","meta":{"footnotes":""},"aioseo_notices":[],"_links":{"self":[{"href":"https:\/\/www.rpdesign.cz\/de\/wp-json\/wp\/v2\/pages\/1273"}],"collection":[{"href":"https:\/\/www.rpdesign.cz\/de\/wp-json\/wp\/v2\/pages"}],"about":[{"href":"https:\/\/www.rpdesign.cz\/de\/wp-json\/wp\/v2\/types\/page"}],"author":[{"embeddable":true,"href":"https:\/\/www.rpdesign.cz\/de\/wp-json\/wp\/v2\/users\/1"}],"replies":[{"embeddable":true,"href":"https:\/\/www.rpdesign.cz\/de\/wp-json\/wp\/v2\/comments?post=1273"}],"version-history":[{"count":2,"href":"https:\/\/www.rpdesign.cz\/de\/wp-json\/wp\/v2\/pages\/1273\/revisions"}],"predecessor-version":[{"id":1326,"href":"https:\/\/www.rpdesign.cz\/de\/wp-json\/wp\/v2\/pages\/1273\/revisions\/1326"}],"up":[{"embeddable":true,"href":"https:\/\/www.rpdesign.cz\/de\/wp-json\/wp\/v2\/pages\/1262"}],"wp:featuredmedia":[{"embeddable":true,"href":"https:\/\/www.rpdesign.cz\/de\/wp-json\/wp\/v2\/media\/1033"}],"wp:attachment":[{"href":"https:\/\/www.rpdesign.cz\/de\/wp-json\/wp\/v2\/media?parent=1273"}],"curies":[{"name":"wp","href":"https:\/\/api.w.org\/{rel}","templated":true}]}}