{"id":1270,"date":"2023-02-17T13:25:43","date_gmt":"2023-02-17T12:25:43","guid":{"rendered":"https:\/\/www.rpdesign.cz\/bmo-cnc-automatisierung\/platinum\/"},"modified":"2024-03-04T09:53:35","modified_gmt":"2024-03-04T08:53:35","slug":"platinum","status":"publish","type":"page","link":"https:\/\/www.rpdesign.cz\/de\/bmo-cnc-automatisierung\/platinum\/","title":{"rendered":"PLATINUM"},"content":{"rendered":"<h2>Platinum<\/h2>\n<ul>\n<li>ist ein kompaktes und geschlossenes Roboterautomatisierungssystem mit hoher Kapazit\u00e4t zum automatischen Laden von Ausgangsmaterial oder Halbzeugen in eine oder zwei CNC-Maschinen. Dabei kann es sich um Fr\u00e4s- oder Drehmaschinen handeln. Platinium ist eine L\u00f6sung f\u00fcr beide Arten von CNC-Maschinen.<\/li>\n<\/ul>\n<h2>Vollkontinuierliche Produktion von Serien und Einzelst\u00fccken<\/h2>\n<ul>\n<li>Platinum ist standardm\u00e4\u00dfig mit einem Produktlademodul ausgestattet, kann aber auch mit einem Palettenschubladensystem erweitert werden. Standard Platinum erm\u00f6glicht die gleichzeitige Automatisierung mehrerer verschiedener Produktserien ohne Bedienereingriff. Die Platinum BMO l\u00e4sst sich problemlos erweitern, beispielsweise durch die Integration einer zweiten CNC-Maschine, um die Produktivit\u00e4t noch weiter zu steigern.<\/li>\n<\/ul>\n","protected":false},"excerpt":{"rendered":"<p>Platinum ist ein kompaktes und geschlossenes Roboterautomatisierungssystem mit hoher Kapazit\u00e4t zum automatischen Laden von Ausgangsmaterial oder Halbzeugen in eine oder zwei CNC-Maschinen. Dabei kann es sich um Fr\u00e4s- oder Drehmaschinen handeln. Platinium ist eine L\u00f6sung f\u00fcr beide Arten von CNC-Maschinen. Vollkontinuierliche Produktion von Serien und Einzelst\u00fccken Platinum ist standardm\u00e4\u00dfig mit einem Produktlademodul ausgestattet, kann aber&#8230;<\/p>\n","protected":false},"author":1,"featured_media":1085,"parent":1262,"menu_order":10,"comment_status":"closed","ping_status":"closed","template":"template-bmo-detail.php","meta":{"footnotes":""},"aioseo_notices":[],"_links":{"self":[{"href":"https:\/\/www.rpdesign.cz\/de\/wp-json\/wp\/v2\/pages\/1270"}],"collection":[{"href":"https:\/\/www.rpdesign.cz\/de\/wp-json\/wp\/v2\/pages"}],"about":[{"href":"https:\/\/www.rpdesign.cz\/de\/wp-json\/wp\/v2\/types\/page"}],"author":[{"embeddable":true,"href":"https:\/\/www.rpdesign.cz\/de\/wp-json\/wp\/v2\/users\/1"}],"replies":[{"embeddable":true,"href":"https:\/\/www.rpdesign.cz\/de\/wp-json\/wp\/v2\/comments?post=1270"}],"version-history":[{"count":2,"href":"https:\/\/www.rpdesign.cz\/de\/wp-json\/wp\/v2\/pages\/1270\/revisions"}],"predecessor-version":[{"id":1324,"href":"https:\/\/www.rpdesign.cz\/de\/wp-json\/wp\/v2\/pages\/1270\/revisions\/1324"}],"up":[{"embeddable":true,"href":"https:\/\/www.rpdesign.cz\/de\/wp-json\/wp\/v2\/pages\/1262"}],"wp:featuredmedia":[{"embeddable":true,"href":"https:\/\/www.rpdesign.cz\/de\/wp-json\/wp\/v2\/media\/1085"}],"wp:attachment":[{"href":"https:\/\/www.rpdesign.cz\/de\/wp-json\/wp\/v2\/media?parent=1270"}],"curies":[{"name":"wp","href":"https:\/\/api.w.org\/{rel}","templated":true}]}}