{"id":1262,"date":"2023-02-17T10:33:57","date_gmt":"2023-02-17T09:33:57","guid":{"rendered":"https:\/\/www.rpdesign.cz\/bmo-cnc-automatizace\/"},"modified":"2024-03-04T09:47:20","modified_gmt":"2024-03-04T08:47:20","slug":"bmo-cnc-automatisierung","status":"publish","type":"page","link":"https:\/\/www.rpdesign.cz\/de\/bmo-cnc-automatisierung\/","title":{"rendered":"BMO CNC-Automatisierung"},"content":{"rendered":"<p style=\"text-align: center;\">Potenzial in Leistung verwandeln<\/p>\n<p>Tausende teure CNC-Maschinen sind noch nicht automatisiert und stehen die ganze Nacht und am Wochenende still. BMO hilft der CNC-Bearbeitungsindustrie, dieses Potenzial in Leistung umzusetzen. Mit den modularen Robotersystemen und der fortschrittlichen Software von BMO k\u00f6nnen die Spindelstunden ohne zus\u00e4tzliche Bediener verdreifacht werden. BMO konzentriert sich seit 2008 auf die Multi-Batch-Automatisierung. Das bedeutet, dass BMO-Roboter mehrere kleine Chargen ohne Bediener produzieren k\u00f6nnen. Mit den Sorten Iridium, Platin und Titan bietet BMO Multi-Batch-Automatisierung in jedem Segment f\u00fcr jede Dreh- und Fr\u00e4smaschine.<\/p>\n<p>&nbsp;<\/p>\n","protected":false},"excerpt":{"rendered":"<p>Potenzial in Leistung verwandeln Tausende teure CNC-Maschinen sind noch nicht automatisiert und stehen die ganze Nacht und am Wochenende still. BMO hilft der CNC-Bearbeitungsindustrie, dieses Potenzial in Leistung umzusetzen. Mit den modularen Robotersystemen und der fortschrittlichen Software von BMO k\u00f6nnen die Spindelstunden ohne zus\u00e4tzliche Bediener verdreifacht werden. BMO konzentriert sich seit 2008 auf die Multi-Batch-Automatisierung&#8230;.<\/p>\n","protected":false},"author":1,"featured_media":0,"parent":0,"menu_order":0,"comment_status":"closed","ping_status":"closed","template":"template-bmo-prehled.php","meta":{"footnotes":""},"aioseo_notices":[],"_links":{"self":[{"href":"https:\/\/www.rpdesign.cz\/de\/wp-json\/wp\/v2\/pages\/1262"}],"collection":[{"href":"https:\/\/www.rpdesign.cz\/de\/wp-json\/wp\/v2\/pages"}],"about":[{"href":"https:\/\/www.rpdesign.cz\/de\/wp-json\/wp\/v2\/types\/page"}],"author":[{"embeddable":true,"href":"https:\/\/www.rpdesign.cz\/de\/wp-json\/wp\/v2\/users\/1"}],"replies":[{"embeddable":true,"href":"https:\/\/www.rpdesign.cz\/de\/wp-json\/wp\/v2\/comments?post=1262"}],"version-history":[{"count":2,"href":"https:\/\/www.rpdesign.cz\/de\/wp-json\/wp\/v2\/pages\/1262\/revisions"}],"predecessor-version":[{"id":1320,"href":"https:\/\/www.rpdesign.cz\/de\/wp-json\/wp\/v2\/pages\/1262\/revisions\/1320"}],"wp:attachment":[{"href":"https:\/\/www.rpdesign.cz\/de\/wp-json\/wp\/v2\/media?parent=1262"}],"curies":[{"name":"wp","href":"https:\/\/api.w.org\/{rel}","templated":true}]}}