{"id":1241,"date":"2020-10-06T08:50:07","date_gmt":"2020-10-06T06:50:07","guid":{"rendered":"https:\/\/www.rpdesign.cz\/unsere-dienstleistungen\/konstrukce-vyroba-pripravku\/"},"modified":"2024-03-04T10:11:18","modified_gmt":"2024-03-04T09:11:18","slug":"design-herstellung-von-praeparaten-auftragsfertigung","status":"publish","type":"page","link":"https:\/\/www.rpdesign.cz\/de\/unsere-dienstleistungen\/design-herstellung-von-praeparaten-auftragsfertigung\/","title":{"rendered":"Design, Herstellung von Pr\u00e4paraten, Auftragsfertigung"},"content":{"rendered":"<h2>Design und Produktion von Pr\u00e4paraten, Auftragsfertigung<\/h2>\n<p>Wir besch\u00e4ftigen uns mit dem Design und der Produktion von Produkten. Dabei handelt es sich insbesondere um Spannvorrichtungen, Hebevorrichtungen, Messvorrichtungen und andere Sonderanfertigungen auf CNC-Werkzeugmaschinen.<\/p>\n<h3>Design und Produktion schl\u00fcsselfertiger Vorbereitungen<\/h3>\n<p>Wir entwerfen und fertigen das Produkt f\u00fcr Ihre Anwendung. Ob beim Spannen des Werkst\u00fccks in einer Werkzeugmaschine, im KMG oder beim Handling<\/p>\n<ul>\n<li>Spannvorrichtungen f\u00fcr Werkzeugmaschinen<\/li>\n<li>Messvorrichtungen f\u00fcr Koordinatenmessger\u00e4te<\/li>\n<li>Umgang mit Vorbereitungen<\/li>\n<li>Sonderanfertigung<\/li>\n<\/ul>\n<style type=\"text\/css\">\n\t\t\t#gallery-1 {\n\t\t\t\tmargin: auto;\n\t\t\t}\n\t\t\t#gallery-1 .gallery-item {\n\t\t\t\tfloat: left;\n\t\t\t\tmargin-top: 10px;\n\t\t\t\ttext-align: center;\n\t\t\t\twidth: 25%;\n\t\t\t}\n\t\t\t#gallery-1 img {\n\t\t\t\tborder: 2px solid #cfcfcf;\n\t\t\t}\n\t\t\t#gallery-1 .gallery-caption {\n\t\t\t\tmargin-left: 0;\n\t\t\t}\n\t\t\t\/* see gallery_shortcode() in wp-includes\/media.php *\/\n\t\t<\/style>\n<div id='gallery-1' class='gallery galleryid-1241 gallery-columns-4 gallery-size-thumbnail'>\n<dl class='gallery-item'>\n<dt class='gallery-icon landscape'>\n\t\t\t\t<a href='https:\/\/www.rpdesign.cz\/wp-content\/uploads\/2020\/12\/PRESSLUG_COMING_SOON-1024x684.jpg' title=\"\" data-rl_title=\"\" class=\"rl-gallery-link\" data-rl_caption=\"\" data-rel=\"lightbox-gallery-1\"><img loading=\"lazy\" decoding=\"async\" width=\"400\" height=\"250\" src=\"https:\/\/www.rpdesign.cz\/wp-content\/uploads\/2020\/12\/PRESSLUG_COMING_SOON-400x250.jpg\" class=\"attachment-thumbnail size-thumbnail\" alt=\"\" \/><\/a>\n\t\t\t<\/dt>\n<\/dl>\n<dl class='gallery-item'>\n<dt class='gallery-icon portrait'>\n\t\t\t\t<a href='https:\/\/www.rpdesign.cz\/wp-content\/uploads\/2023\/04\/PRESSLUG_2-867x1024.jpg' title=\"\" data-rl_title=\"\" class=\"rl-gallery-link\" data-rl_caption=\"\" data-rel=\"lightbox-gallery-1\"><img loading=\"lazy\" decoding=\"async\" width=\"400\" height=\"250\" src=\"https:\/\/www.rpdesign.cz\/wp-content\/uploads\/2023\/04\/PRESSLUG_2-400x250.jpg\" class=\"attachment-thumbnail size-thumbnail\" alt=\"\" \/><\/a>\n\t\t\t<\/dt>\n<\/dl>\n<dl class='gallery-item'>\n<dt class='gallery-icon landscape'>\n\t\t\t\t<a href='https:\/\/www.rpdesign.cz\/wp-content\/uploads\/2023\/04\/PRESSLUG_4-1024x768.jpg' title=\"\" data-rl_title=\"\" class=\"rl-gallery-link\" data-rl_caption=\"\" data-rel=\"lightbox-gallery-1\"><img loading=\"lazy\" decoding=\"async\" width=\"400\" height=\"250\" src=\"https:\/\/www.rpdesign.cz\/wp-content\/uploads\/2023\/04\/PRESSLUG_4-400x250.jpg\" class=\"attachment-thumbnail size-thumbnail\" alt=\"\" \/><\/a>\n\t\t\t<\/dt>\n<\/dl>\n<dl class='gallery-item'>\n<dt class='gallery-icon landscape'>\n\t\t\t\t<a href='https:\/\/www.rpdesign.cz\/wp-content\/uploads\/2023\/04\/IMG_20201220_160054-1-1024x768.jpg' title=\"\" data-rl_title=\"\" class=\"rl-gallery-link\" data-rl_caption=\"\" data-rel=\"lightbox-gallery-1\"><img loading=\"lazy\" decoding=\"async\" width=\"400\" height=\"250\" src=\"https:\/\/www.rpdesign.cz\/wp-content\/uploads\/2023\/04\/IMG_20201220_160054-1-400x250.jpg\" class=\"attachment-thumbnail size-thumbnail\" alt=\"\" \/><\/a>\n\t\t\t<\/dt>\n<\/dl>\n<p><br style=\"clear: both\" \/><\/p>\n<dl class='gallery-item'>\n<dt class='gallery-icon landscape'>\n\t\t\t\t<a href='https:\/\/www.rpdesign.cz\/wp-content\/uploads\/2020\/12\/VD0205B-1024x768.jpg' title=\"\" data-rl_title=\"\" class=\"rl-gallery-link\" data-rl_caption=\"\" data-rel=\"lightbox-gallery-1\"><img loading=\"lazy\" decoding=\"async\" width=\"400\" height=\"250\" src=\"https:\/\/www.rpdesign.cz\/wp-content\/uploads\/2020\/12\/VD0205B-400x250.jpg\" class=\"attachment-thumbnail size-thumbnail\" alt=\"\" \/><\/a>\n\t\t\t<\/dt>\n<\/dl>\n<dl class='gallery-item'>\n<dt class='gallery-icon landscape'>\n\t\t\t\t<a href='https:\/\/www.rpdesign.cz\/wp-content\/uploads\/2021\/01\/IMG_20210111_134441-1024x768.jpg' title=\"\" data-rl_title=\"\" class=\"rl-gallery-link\" data-rl_caption=\"\" data-rel=\"lightbox-gallery-1\"><img loading=\"lazy\" decoding=\"async\" width=\"400\" height=\"250\" src=\"https:\/\/www.rpdesign.cz\/wp-content\/uploads\/2021\/01\/IMG_20210111_134441-400x250.jpg\" class=\"attachment-thumbnail size-thumbnail\" alt=\"\" \/><\/a>\n\t\t\t<\/dt>\n<\/dl>\n<dl class='gallery-item'>\n<dt class='gallery-icon landscape'>\n\t\t\t\t<a href='https:\/\/www.rpdesign.cz\/wp-content\/uploads\/2020\/10\/TT91300_2-1024x768.jpg' title=\"\" data-rl_title=\"\" class=\"rl-gallery-link\" data-rl_caption=\"\" data-rel=\"lightbox-gallery-1\"><img loading=\"lazy\" decoding=\"async\" width=\"400\" height=\"250\" src=\"https:\/\/www.rpdesign.cz\/wp-content\/uploads\/2020\/10\/TT91300_2-400x250.jpg\" class=\"attachment-thumbnail size-thumbnail\" alt=\"\" \/><\/a>\n\t\t\t<\/dt>\n<\/dl>\n<dl class='gallery-item'>\n<dt class='gallery-icon portrait'>\n\t\t\t\t<a href='https:\/\/www.rpdesign.cz\/wp-content\/uploads\/2020\/10\/DOT3519_2-1-768x1024.jpg' title=\"\" data-rl_title=\"\" class=\"rl-gallery-link\" data-rl_caption=\"\" data-rel=\"lightbox-gallery-1\"><img loading=\"lazy\" decoding=\"async\" width=\"400\" height=\"250\" src=\"https:\/\/www.rpdesign.cz\/wp-content\/uploads\/2020\/10\/DOT3519_2-1-400x250.jpg\" class=\"attachment-thumbnail size-thumbnail\" alt=\"\" \/><\/a>\n\t\t\t<\/dt>\n<\/dl>\n<p><br style=\"clear: both\" \/><\/p>\n<dl class='gallery-item'>\n<dt class='gallery-icon portrait'>\n\t\t\t\t<a href='https:\/\/www.rpdesign.cz\/wp-content\/uploads\/2020\/10\/IMG_20201029_140601-1022x1024.jpg' title=\"\" data-rl_title=\"\" class=\"rl-gallery-link\" data-rl_caption=\"\" data-rel=\"lightbox-gallery-1\"><img loading=\"lazy\" decoding=\"async\" width=\"400\" height=\"250\" src=\"https:\/\/www.rpdesign.cz\/wp-content\/uploads\/2020\/10\/IMG_20201029_140601-400x250.jpg\" class=\"attachment-thumbnail size-thumbnail\" alt=\"\" \/><\/a>\n\t\t\t<\/dt>\n<\/dl>\n<dl class='gallery-item'>\n<dt class='gallery-icon landscape'>\n\t\t\t\t<a href='https:\/\/www.rpdesign.cz\/wp-content\/uploads\/2020\/10\/IMG_20201029_140808-1024x562.jpg' title=\"\" data-rl_title=\"\" class=\"rl-gallery-link\" data-rl_caption=\"\" data-rel=\"lightbox-gallery-1\"><img loading=\"lazy\" decoding=\"async\" width=\"400\" height=\"250\" src=\"https:\/\/www.rpdesign.cz\/wp-content\/uploads\/2020\/10\/IMG_20201029_140808-400x250.jpg\" class=\"attachment-thumbnail size-thumbnail\" alt=\"\" \/><\/a>\n\t\t\t<\/dt>\n<\/dl>\n<dl class='gallery-item'>\n<dt class='gallery-icon landscape'>\n\t\t\t\t<a href='https:\/\/www.rpdesign.cz\/wp-content\/uploads\/2020\/10\/IMG_20201030_101935-1024x996.jpg' title=\"\" data-rl_title=\"\" class=\"rl-gallery-link\" data-rl_caption=\"\" data-rel=\"lightbox-gallery-1\"><img loading=\"lazy\" decoding=\"async\" width=\"400\" height=\"250\" src=\"https:\/\/www.rpdesign.cz\/wp-content\/uploads\/2020\/10\/IMG_20201030_101935-400x250.jpg\" class=\"attachment-thumbnail size-thumbnail\" alt=\"\" \/><\/a>\n\t\t\t<\/dt>\n<\/dl>\n<dl class='gallery-item'>\n<dt class='gallery-icon landscape'>\n\t\t\t\t<a href='https:\/\/www.rpdesign.cz\/wp-content\/uploads\/2020\/11\/ODU-1024x768.jpg' title=\"\" data-rl_title=\"\" class=\"rl-gallery-link\" data-rl_caption=\"\" data-rel=\"lightbox-gallery-1\"><img loading=\"lazy\" decoding=\"async\" width=\"400\" height=\"250\" src=\"https:\/\/www.rpdesign.cz\/wp-content\/uploads\/2020\/11\/ODU-400x250.jpg\" class=\"attachment-thumbnail size-thumbnail\" alt=\"\" \/><\/a>\n\t\t\t<\/dt>\n<\/dl>\n<p><br style=\"clear: both\" \/><\/p>\n<dl class='gallery-item'>\n<dt class='gallery-icon landscape'>\n\t\t\t\t<a href='https:\/\/www.rpdesign.cz\/wp-content\/uploads\/2020\/11\/ST94710_1-1024x768.jpg' title=\"\" data-rl_title=\"\" class=\"rl-gallery-link\" data-rl_caption=\"\" data-rel=\"lightbox-gallery-1\"><img loading=\"lazy\" decoding=\"async\" width=\"400\" height=\"250\" src=\"https:\/\/www.rpdesign.cz\/wp-content\/uploads\/2020\/11\/ST94710_1-400x250.jpg\" class=\"attachment-thumbnail size-thumbnail\" alt=\"\" \/><\/a>\n\t\t\t<\/dt>\n<\/dl>\n<dl class='gallery-item'>\n<dt class='gallery-icon landscape'>\n\t\t\t\t<a href='https:\/\/www.rpdesign.cz\/wp-content\/uploads\/2020\/12\/ST52592_1-1-1024x768.jpg' title=\"\" data-rl_title=\"\" class=\"rl-gallery-link\" data-rl_caption=\"\" data-rel=\"lightbox-gallery-1\"><img loading=\"lazy\" decoding=\"async\" width=\"400\" height=\"250\" src=\"https:\/\/www.rpdesign.cz\/wp-content\/uploads\/2020\/12\/ST52592_1-1-400x250.jpg\" class=\"attachment-thumbnail size-thumbnail\" alt=\"\" \/><\/a>\n\t\t\t<\/dt>\n<\/dl>\n<dl class='gallery-item'>\n<dt class='gallery-icon landscape'>\n\t\t\t\t<a href='https:\/\/www.rpdesign.cz\/wp-content\/uploads\/2020\/12\/IMG_20201217_094739-1024x768.jpg' title=\"\" data-rl_title=\"\" class=\"rl-gallery-link\" data-rl_caption=\"\" data-rel=\"lightbox-gallery-1\"><img loading=\"lazy\" decoding=\"async\" width=\"400\" height=\"250\" src=\"https:\/\/www.rpdesign.cz\/wp-content\/uploads\/2020\/12\/IMG_20201217_094739-400x250.jpg\" class=\"attachment-thumbnail size-thumbnail\" alt=\"\" \/><\/a>\n\t\t\t<\/dt>\n<\/dl>\n<dl class='gallery-item'>\n<dt class='gallery-icon landscape'>\n\t\t\t\t<a href='https:\/\/www.rpdesign.cz\/wp-content\/uploads\/2021\/03\/IMG_20210309_121053-1024x768.jpg' title=\"\" data-rl_title=\"\" class=\"rl-gallery-link\" data-rl_caption=\"\" data-rel=\"lightbox-gallery-1\"><img loading=\"lazy\" decoding=\"async\" width=\"400\" height=\"250\" src=\"https:\/\/www.rpdesign.cz\/wp-content\/uploads\/2021\/03\/IMG_20210309_121053-400x250.jpg\" class=\"attachment-thumbnail size-thumbnail\" alt=\"\" \/><\/a>\n\t\t\t<\/dt>\n<\/dl>\n<p><br style=\"clear: both\" \/><\/p>\n<dl class='gallery-item'>\n<dt class='gallery-icon landscape'>\n\t\t\t\t<a href='https:\/\/www.rpdesign.cz\/wp-content\/uploads\/2021\/02\/IMG_20210224_142224-1024x768.jpg' title=\"\" data-rl_title=\"\" class=\"rl-gallery-link\" data-rl_caption=\"\" data-rel=\"lightbox-gallery-1\"><img loading=\"lazy\" decoding=\"async\" width=\"400\" height=\"250\" src=\"https:\/\/www.rpdesign.cz\/wp-content\/uploads\/2021\/02\/IMG_20210224_142224-400x250.jpg\" class=\"attachment-thumbnail size-thumbnail\" alt=\"\" \/><\/a>\n\t\t\t<\/dt>\n<\/dl>\n<dl class='gallery-item'>\n<dt class='gallery-icon landscape'>\n\t\t\t\t<a href='https:\/\/www.rpdesign.cz\/wp-content\/uploads\/2021\/03\/IMG_20210219_114945-1024x768.jpg' title=\"\" data-rl_title=\"\" class=\"rl-gallery-link\" data-rl_caption=\"\" data-rel=\"lightbox-gallery-1\"><img loading=\"lazy\" decoding=\"async\" width=\"400\" height=\"250\" src=\"https:\/\/www.rpdesign.cz\/wp-content\/uploads\/2021\/03\/IMG_20210219_114945-400x250.jpg\" class=\"attachment-thumbnail size-thumbnail\" alt=\"\" \/><\/a>\n\t\t\t<\/dt>\n<\/dl>\n<dl class='gallery-item'>\n<dt class='gallery-icon portrait'>\n\t\t\t\t<a href='https:\/\/www.rpdesign.cz\/wp-content\/uploads\/2021\/03\/IMG_20210219_174717-768x1024.jpg' title=\"\" data-rl_title=\"\" class=\"rl-gallery-link\" data-rl_caption=\"\" data-rel=\"lightbox-gallery-1\"><img loading=\"lazy\" decoding=\"async\" width=\"400\" height=\"250\" src=\"https:\/\/www.rpdesign.cz\/wp-content\/uploads\/2021\/03\/IMG_20210219_174717-400x250.jpg\" class=\"attachment-thumbnail size-thumbnail\" alt=\"\" \/><\/a>\n\t\t\t<\/dt>\n<\/dl>\n<dl class='gallery-item'>\n<dt class='gallery-icon portrait'>\n\t\t\t\t<a href='https:\/\/www.rpdesign.cz\/wp-content\/uploads\/2021\/03\/IMG_20210225_150820-1-768x1024.jpg' title=\"\" data-rl_title=\"\" class=\"rl-gallery-link\" data-rl_caption=\"\" data-rel=\"lightbox-gallery-1\"><img loading=\"lazy\" decoding=\"async\" width=\"400\" height=\"250\" src=\"https:\/\/www.rpdesign.cz\/wp-content\/uploads\/2021\/03\/IMG_20210225_150820-1-400x250.jpg\" class=\"attachment-thumbnail size-thumbnail\" alt=\"\" \/><\/a>\n\t\t\t<\/dt>\n<\/dl>\n<p><br style=\"clear: both\" \/><\/p>\n<dl class='gallery-item'>\n<dt class='gallery-icon landscape'>\n\t\t\t\t<a href='https:\/\/www.rpdesign.cz\/wp-content\/uploads\/2023\/03\/20230220_152500-1024x768.jpg' title=\"\" data-rl_title=\"\" class=\"rl-gallery-link\" data-rl_caption=\"\" data-rel=\"lightbox-gallery-1\"><img loading=\"lazy\" decoding=\"async\" width=\"400\" height=\"250\" src=\"https:\/\/www.rpdesign.cz\/wp-content\/uploads\/2023\/03\/20230220_152500-400x250.jpg\" class=\"attachment-thumbnail size-thumbnail\" alt=\"\" \/><\/a>\n\t\t\t<\/dt>\n<\/dl>\n<dl class='gallery-item'>\n<dt class='gallery-icon landscape'>\n\t\t\t\t<a href='https:\/\/www.rpdesign.cz\/wp-content\/uploads\/2023\/03\/20230220_152451-1024x768.jpg' title=\"\" data-rl_title=\"\" class=\"rl-gallery-link\" data-rl_caption=\"\" data-rel=\"lightbox-gallery-1\"><img loading=\"lazy\" decoding=\"async\" width=\"400\" height=\"250\" src=\"https:\/\/www.rpdesign.cz\/wp-content\/uploads\/2023\/03\/20230220_152451-400x250.jpg\" class=\"attachment-thumbnail size-thumbnail\" alt=\"\" \/><\/a>\n\t\t\t<\/dt>\n<\/dl>\n<dl class='gallery-item'>\n<dt class='gallery-icon portrait'>\n\t\t\t\t<a href='https:\/\/www.rpdesign.cz\/wp-content\/uploads\/2023\/03\/20230217_140133-768x1024.jpg' title=\"\" data-rl_title=\"\" class=\"rl-gallery-link\" data-rl_caption=\"\" data-rel=\"lightbox-gallery-1\"><img loading=\"lazy\" decoding=\"async\" width=\"400\" height=\"250\" src=\"https:\/\/www.rpdesign.cz\/wp-content\/uploads\/2023\/03\/20230217_140133-400x250.jpg\" class=\"attachment-thumbnail size-thumbnail\" alt=\"\" \/><\/a>\n\t\t\t<\/dt>\n<\/dl>\n<dl class='gallery-item'>\n<dt class='gallery-icon portrait'>\n\t\t\t\t<a href='https:\/\/www.rpdesign.cz\/wp-content\/uploads\/2023\/03\/20230217_140125-768x1024.jpg' title=\"\" data-rl_title=\"\" class=\"rl-gallery-link\" data-rl_caption=\"\" data-rel=\"lightbox-gallery-1\"><img loading=\"lazy\" decoding=\"async\" width=\"400\" height=\"250\" src=\"https:\/\/www.rpdesign.cz\/wp-content\/uploads\/2023\/03\/20230217_140125-400x250.jpg\" class=\"attachment-thumbnail size-thumbnail\" alt=\"\" \/><\/a>\n\t\t\t<\/dt>\n<\/dl>\n<p><br style=\"clear: both\" \/><\/p>\n<dl class='gallery-item'>\n<dt class='gallery-icon portrait'>\n\t\t\t\t<a href='https:\/\/www.rpdesign.cz\/wp-content\/uploads\/2023\/03\/20230217_140054-768x1024.jpg' title=\"\" data-rl_title=\"\" class=\"rl-gallery-link\" data-rl_caption=\"\" data-rel=\"lightbox-gallery-1\"><img loading=\"lazy\" decoding=\"async\" width=\"400\" height=\"250\" src=\"https:\/\/www.rpdesign.cz\/wp-content\/uploads\/2023\/03\/20230217_140054-400x250.jpg\" class=\"attachment-thumbnail size-thumbnail\" alt=\"\" \/><\/a>\n\t\t\t<\/dt>\n<\/dl>\n<dl class='gallery-item'>\n<dt class='gallery-icon portrait'>\n\t\t\t\t<a href='https:\/\/www.rpdesign.cz\/wp-content\/uploads\/2023\/03\/20230217_140031-768x1024.jpg' title=\"\" data-rl_title=\"\" class=\"rl-gallery-link\" data-rl_caption=\"\" data-rel=\"lightbox-gallery-1\"><img loading=\"lazy\" decoding=\"async\" width=\"400\" height=\"250\" src=\"https:\/\/www.rpdesign.cz\/wp-content\/uploads\/2023\/03\/20230217_140031-400x250.jpg\" class=\"attachment-thumbnail size-thumbnail\" alt=\"\" \/><\/a>\n\t\t\t<\/dt>\n<\/dl>\n<dl class='gallery-item'>\n<dt class='gallery-icon portrait'>\n\t\t\t\t<a href='https:\/\/www.rpdesign.cz\/wp-content\/uploads\/2023\/03\/20230217_140006-768x1024.jpg' title=\"\" data-rl_title=\"\" class=\"rl-gallery-link\" data-rl_caption=\"\" data-rel=\"lightbox-gallery-1\"><img loading=\"lazy\" decoding=\"async\" width=\"400\" height=\"250\" src=\"https:\/\/www.rpdesign.cz\/wp-content\/uploads\/2023\/03\/20230217_140006-400x250.jpg\" class=\"attachment-thumbnail size-thumbnail\" alt=\"\" \/><\/a>\n\t\t\t<\/dt>\n<\/dl>\n<dl class='gallery-item'>\n<dt class='gallery-icon landscape'>\n\t\t\t\t<a href='https:\/\/www.rpdesign.cz\/wp-content\/uploads\/2022\/06\/20220620_171850-1-1024x768.jpg' title=\"\" data-rl_title=\"\" class=\"rl-gallery-link\" data-rl_caption=\"\" data-rel=\"lightbox-gallery-1\"><img loading=\"lazy\" decoding=\"async\" width=\"400\" height=\"250\" src=\"https:\/\/www.rpdesign.cz\/wp-content\/uploads\/2022\/06\/20220620_171850-1-400x250.jpg\" class=\"attachment-thumbnail size-thumbnail\" alt=\"\" \/><\/a>\n\t\t\t<\/dt>\n<\/dl>\n<p><br style=\"clear: both\" \/><\/p>\n<dl class='gallery-item'>\n<dt class='gallery-icon landscape'>\n\t\t\t\t<a href='https:\/\/www.rpdesign.cz\/wp-content\/uploads\/2022\/06\/DMC_65H_00S_GRIP_4-2-1024x768.jpg' title=\"\" data-rl_title=\"\" class=\"rl-gallery-link\" data-rl_caption=\"\" data-rel=\"lightbox-gallery-1\"><img loading=\"lazy\" decoding=\"async\" width=\"400\" height=\"250\" src=\"https:\/\/www.rpdesign.cz\/wp-content\/uploads\/2022\/06\/DMC_65H_00S_GRIP_4-2-400x250.jpg\" class=\"attachment-thumbnail size-thumbnail\" alt=\"\" \/><\/a>\n\t\t\t<\/dt>\n<\/dl>\n<dl class='gallery-item'>\n<dt class='gallery-icon landscape'>\n\t\t\t\t<a href='https:\/\/www.rpdesign.cz\/wp-content\/uploads\/2023\/04\/20230417_135047-1024x768.jpg' title=\"\" data-rl_title=\"\" class=\"rl-gallery-link\" data-rl_caption=\"\" data-rel=\"lightbox-gallery-1\"><img loading=\"lazy\" decoding=\"async\" width=\"400\" height=\"250\" src=\"https:\/\/www.rpdesign.cz\/wp-content\/uploads\/2023\/04\/20230417_135047-400x250.jpg\" class=\"attachment-thumbnail size-thumbnail\" alt=\"\" \/><\/a>\n\t\t\t<\/dt>\n<\/dl>\n<dl class='gallery-item'>\n<dt class='gallery-icon portrait'>\n\t\t\t\t<a href='https:\/\/www.rpdesign.cz\/wp-content\/uploads\/2023\/04\/20230328_123206-768x1024.jpg' title=\"\" data-rl_title=\"\" class=\"rl-gallery-link\" data-rl_caption=\"\" data-rel=\"lightbox-gallery-1\"><img loading=\"lazy\" decoding=\"async\" width=\"400\" height=\"250\" src=\"https:\/\/www.rpdesign.cz\/wp-content\/uploads\/2023\/04\/20230328_123206-400x250.jpg\" class=\"attachment-thumbnail size-thumbnail\" alt=\"\" \/><\/a>\n\t\t\t<\/dt>\n<\/dl>\n<dl class='gallery-item'>\n<dt class='gallery-icon portrait'>\n\t\t\t\t<a href='https:\/\/www.rpdesign.cz\/wp-content\/uploads\/2023\/04\/20230405_134557-768x1024.jpg' title=\"\" data-rl_title=\"\" class=\"rl-gallery-link\" data-rl_caption=\"\" data-rel=\"lightbox-gallery-1\"><img loading=\"lazy\" decoding=\"async\" width=\"400\" height=\"250\" src=\"https:\/\/www.rpdesign.cz\/wp-content\/uploads\/2023\/04\/20230405_134557-400x250.jpg\" class=\"attachment-thumbnail size-thumbnail\" alt=\"\" \/><\/a>\n\t\t\t<\/dt>\n<\/dl>\n<p><br style=\"clear: both\" \/><\/p>\n<dl class='gallery-item'>\n<dt class='gallery-icon landscape'>\n\t\t\t\t<a href='https:\/\/www.rpdesign.cz\/wp-content\/uploads\/2023\/04\/20230406_084733-1024x768.jpg' title=\"\" data-rl_title=\"\" class=\"rl-gallery-link\" data-rl_caption=\"\" data-rel=\"lightbox-gallery-1\"><img loading=\"lazy\" decoding=\"async\" width=\"400\" height=\"250\" src=\"https:\/\/www.rpdesign.cz\/wp-content\/uploads\/2023\/04\/20230406_084733-400x250.jpg\" class=\"attachment-thumbnail size-thumbnail\" alt=\"\" \/><\/a>\n\t\t\t<\/dt>\n<\/dl>\n<dl class='gallery-item'>\n<dt class='gallery-icon landscape'>\n\t\t\t\t<a href='https:\/\/www.rpdesign.cz\/wp-content\/uploads\/2023\/04\/IMG_20210407_115901-1024x768.jpg' title=\"\" data-rl_title=\"\" class=\"rl-gallery-link\" data-rl_caption=\"\" data-rel=\"lightbox-gallery-1\"><img loading=\"lazy\" decoding=\"async\" width=\"400\" height=\"250\" src=\"https:\/\/www.rpdesign.cz\/wp-content\/uploads\/2023\/04\/IMG_20210407_115901-400x250.jpg\" class=\"attachment-thumbnail size-thumbnail\" alt=\"\" \/><\/a>\n\t\t\t<\/dt>\n<\/dl>\n<p>\t\t\t<br style='clear: both' \/>\n\t\t<\/div>\n","protected":false},"excerpt":{"rendered":"<p>Design und Produktion von Pr\u00e4paraten, Auftragsfertigung Wir besch\u00e4ftigen uns mit dem Design und der Produktion von Produkten. Dabei handelt es sich insbesondere um Spannvorrichtungen, Hebevorrichtungen, Messvorrichtungen und andere Sonderanfertigungen auf CNC-Werkzeugmaschinen. Design und Produktion schl\u00fcsselfertiger Vorbereitungen Wir entwerfen und fertigen das Produkt f\u00fcr Ihre Anwendung. Ob beim Spannen des Werkst\u00fccks in einer Werkzeugmaschine, im KMG&#8230;<\/p>\n","protected":false},"author":1,"featured_media":1423,"parent":1233,"menu_order":0,"comment_status":"closed","ping_status":"closed","template":"template-service-detail.php","meta":{"footnotes":""},"aioseo_notices":[],"_links":{"self":[{"href":"https:\/\/www.rpdesign.cz\/de\/wp-json\/wp\/v2\/pages\/1241"}],"collection":[{"href":"https:\/\/www.rpdesign.cz\/de\/wp-json\/wp\/v2\/pages"}],"about":[{"href":"https:\/\/www.rpdesign.cz\/de\/wp-json\/wp\/v2\/types\/page"}],"author":[{"embeddable":true,"href":"https:\/\/www.rpdesign.cz\/de\/wp-json\/wp\/v2\/users\/1"}],"replies":[{"embeddable":true,"href":"https:\/\/www.rpdesign.cz\/de\/wp-json\/wp\/v2\/comments?post=1241"}],"version-history":[{"count":3,"href":"https:\/\/www.rpdesign.cz\/de\/wp-json\/wp\/v2\/pages\/1241\/revisions"}],"predecessor-version":[{"id":1334,"href":"https:\/\/www.rpdesign.cz\/de\/wp-json\/wp\/v2\/pages\/1241\/revisions\/1334"}],"up":[{"embeddable":true,"href":"https:\/\/www.rpdesign.cz\/de\/wp-json\/wp\/v2\/pages\/1233"}],"wp:featuredmedia":[{"embeddable":true,"href":"https:\/\/www.rpdesign.cz\/de\/wp-json\/wp\/v2\/media\/1423"}],"wp:attachment":[{"href":"https:\/\/www.rpdesign.cz\/de\/wp-json\/wp\/v2\/media?parent=1241"}],"curies":[{"name":"wp","href":"https:\/\/api.w.org\/{rel}","templated":true}]}}