{"id":1218,"date":"2020-10-06T10:27:44","date_gmt":"2020-10-06T08:27:44","guid":{"rendered":"https:\/\/www.rpdesign.cz\/zpracovani-osobnich-udaju\/"},"modified":"2024-03-04T10:37:03","modified_gmt":"2024-03-04T09:37:03","slug":"verarbeitung-persoenlicher-daten","status":"publish","type":"page","link":"https:\/\/www.rpdesign.cz\/de\/verarbeitung-persoenlicher-daten\/","title":{"rendered":"Verarbeitung pers\u00f6nlicher Daten"},"content":{"rendered":"<ol>\n<li>Hiermit erteilen Sie <strong>RP Design s.r.o.<\/strong>, mit Sitz in Opletalova 92, 563 01 Lan\u0161kroun, ID: 17138973, (im Folgenden als \u201eAdministrator\u201c bezeichnet) Ihre Zustimmung gem\u00e4\u00df der Verordnung (EU) Nr. 2016\/ 679 des Europ\u00e4ischen Parlaments und des Rates zum Schutz nat\u00fcrlicher Personen bei der Verarbeitung personenbezogener Daten und zum freien Datenverkehr sowie zur Aufhebung der Richtlinie 95\/46\/EG (Allgemeine Verordnung zum Schutz personenbezogener Daten). Data) (im Folgenden \u201eVerordnung\u201c genannt) verarbeitete die folgenden personenbezogenen Daten: Vorname, Nachname, Telefon und E-Mail<\/li>\n<li>Vor- und Nachname, Telefonnummer und E-Mail-Adresse k\u00f6nnen auf Grundlage Ihrer Einwilligung verarbeitet werden und m\u00fcssen zum Zwecke der Zusendung von Werbebotschaften verarbeitet werden. Diese Daten werden vom Administrator f\u00fcr einen Zeitraum von 5 Jahren verarbeitet.<\/li>\n<li>Sie erkl\u00e4ren sich mit der oben genannten Verarbeitung ausdr\u00fccklich einverstanden. Die Bereitstellung personenbezogener Daten erfolgt freiwillig. Die Einwilligung kann jederzeit widerrufen werden, beispielsweise per E-Mail an <a href=\"mailto:r.polach@rpdesign.cz\">r.polach@rpdesign.cz<\/a> oder per Brief an die Kontaktdaten von RP Design s.r.o., Opletalova 92, 563 01 Lan\u0161kroun<\/li>\n<li>Bitte beachten Sie, dass Sie gem\u00e4\u00df der Verordnung das Recht haben:\n<ul>\n<li>Einwilligung jederzeit widerrufen,<\/li>\n<li>von uns Auskunft dar\u00fcber zu verlangen, welche personenbezogenen Daten wir verarbeiten, eine Kopie dieser Daten anzufordern,<\/li>\n<li>von uns Zugang zu diesen Daten zu verlangen und diese aktualisieren oder berichtigen zu lassen oder eine Einschr\u00e4nkung der<\/li>\n<li>Verarbeitung zu verlangen,<\/li>\n<li>uns auffordern, diese personenbezogenen Daten zu l\u00f6schen,<\/li>\n<li>zur Datenportabilit\u00e4t,<\/li>\n<li>eine Beschwerde beim Amt f\u00fcr den Schutz personenbezogener Daten einreichen oder vor Gericht gehen.<\/li>\n<\/ul>\n<\/li>\n<\/ol>\n<p><strong>RP Design s.r.o., 6.10.2020<\/strong><\/p>\n","protected":false},"excerpt":{"rendered":"<p>Hiermit erteilen Sie RP Design s.r.o., mit Sitz in Opletalova 92, 563 01 Lan\u0161kroun, ID: 17138973, (im Folgenden als \u201eAdministrator\u201c bezeichnet) Ihre Zustimmung gem\u00e4\u00df der Verordnung (EU) Nr. 2016\/ 679 des Europ\u00e4ischen Parlaments und des Rates zum Schutz nat\u00fcrlicher Personen bei der Verarbeitung personenbezogener Daten und zum freien Datenverkehr sowie zur Aufhebung der Richtlinie 95\/46\/EG&#8230;<\/p>\n","protected":false},"author":1,"featured_media":0,"parent":0,"menu_order":0,"comment_status":"closed","ping_status":"closed","template":"","meta":{"footnotes":""},"aioseo_notices":[],"_links":{"self":[{"href":"https:\/\/www.rpdesign.cz\/de\/wp-json\/wp\/v2\/pages\/1218"}],"collection":[{"href":"https:\/\/www.rpdesign.cz\/de\/wp-json\/wp\/v2\/pages"}],"about":[{"href":"https:\/\/www.rpdesign.cz\/de\/wp-json\/wp\/v2\/types\/page"}],"author":[{"embeddable":true,"href":"https:\/\/www.rpdesign.cz\/de\/wp-json\/wp\/v2\/users\/1"}],"replies":[{"embeddable":true,"href":"https:\/\/www.rpdesign.cz\/de\/wp-json\/wp\/v2\/comments?post=1218"}],"version-history":[{"count":4,"href":"https:\/\/www.rpdesign.cz\/de\/wp-json\/wp\/v2\/pages\/1218\/revisions"}],"predecessor-version":[{"id":1348,"href":"https:\/\/www.rpdesign.cz\/de\/wp-json\/wp\/v2\/pages\/1218\/revisions\/1348"}],"wp:attachment":[{"href":"https:\/\/www.rpdesign.cz\/de\/wp-json\/wp\/v2\/media?parent=1218"}],"curies":[{"name":"wp","href":"https:\/\/api.w.org\/{rel}","templated":true}]}}